{"id":3888,"date":"2024-01-29T22:17:02","date_gmt":"2024-01-30T03:17:02","guid":{"rendered":"https:\/\/restaurantechachacha.com\/?page_id=3888"},"modified":"2024-05-03T23:00:17","modified_gmt":"2024-05-04T03:00:17","slug":"politica-de-privacidad","status":"publish","type":"page","link":"https:\/\/restaurantechachacha.com\/fr\/politica-de-privacidad\/","title":{"rendered":"Pol\u00edtica de privacidad"},"content":{"rendered":"<div data-elementor-type=\"wp-page\" data-elementor-id=\"3888\" class=\"elementor elementor-3888\" data-elementor-post-type=\"page\">\n\t\t\t\t\t\t<section class=\"ob-is-breaking-bad elementor-section elementor-top-section elementor-element elementor-element-0930f86 elementor-section-boxed elementor-section-height-default elementor-section-height-default\" data-id=\"0930f86\" data-element_type=\"section\" data-e-type=\"section\" data-settings=\"{&quot;background_background&quot;:&quot;classic&quot;,&quot;_ob_bbad_use_it&quot;:&quot;yes&quot;,&quot;_ob_bbad_sssic_use&quot;:&quot;no&quot;,&quot;_ob_glider_is_slider&quot;:&quot;no&quot;}\">\n\t\t\t\t\t\t<div class=\"elementor-container elementor-column-gap-default\">\n\t\t\t\t\t<div class=\"elementor-column elementor-col-100 elementor-top-column elementor-element elementor-element-32700ea\" data-id=\"32700ea\" data-element_type=\"column\" data-e-type=\"column\" data-settings=\"{&quot;_ob_bbad_is_stalker&quot;:&quot;no&quot;,&quot;_ob_teleporter_use&quot;:false,&quot;_ob_column_hoveranimator&quot;:&quot;no&quot;,&quot;_ob_column_has_pseudo&quot;:&quot;no&quot;}\">\n\t\t\t<div class=\"elementor-widget-wrap\">\n\t\t\t\t\t\t\t<\/div>\n\t\t<\/div>\n\t\t\t\t\t<\/div>\n\t\t<\/section>\n\t\t\t\t<section class=\"ob-is-breaking-bad elementor-section elementor-top-section elementor-element elementor-element-bd2bf0f elementor-section-height-min-height elementor-section-boxed elementor-section-height-default elementor-section-items-middle\" data-id=\"bd2bf0f\" data-element_type=\"section\" data-e-type=\"section\" data-settings=\"{&quot;background_background&quot;:&quot;classic&quot;,&quot;_ob_bbad_use_it&quot;:&quot;yes&quot;,&quot;_ob_bbad_sssic_use&quot;:&quot;no&quot;,&quot;_ob_glider_is_slider&quot;:&quot;no&quot;}\">\n\t\t\t\t\t\t<div class=\"elementor-container elementor-column-gap-default\">\n\t\t\t\t\t<div class=\"elementor-column elementor-col-100 elementor-top-column elementor-element elementor-element-c83c86b\" data-id=\"c83c86b\" data-element_type=\"column\" data-e-type=\"column\" data-settings=\"{&quot;_ob_bbad_is_stalker&quot;:&quot;no&quot;,&quot;_ob_teleporter_use&quot;:false,&quot;_ob_column_hoveranimator&quot;:&quot;no&quot;,&quot;_ob_column_has_pseudo&quot;:&quot;no&quot;}\">\n\t\t\t<div class=\"elementor-widget-wrap elementor-element-populated\">\n\t\t\t\t\t\t<div class=\"elementor-element elementor-element-5791561 ob-harakiri-inherit ob-has-background-overlay elementor-widget elementor-widget-heading\" data-id=\"5791561\" data-element_type=\"widget\" data-e-type=\"widget\" data-settings=\"{&quot;_ob_use_harakiri&quot;:&quot;yes&quot;,&quot;_ob_harakiri_writing_mode&quot;:&quot;inherit&quot;,&quot;_ob_harakiri_text_clip&quot;:&quot;none&quot;,&quot;_ob_perspektive_use&quot;:&quot;no&quot;,&quot;_ob_poopart_use&quot;:&quot;yes&quot;,&quot;_ob_shadough_use&quot;:&quot;no&quot;,&quot;_ob_allow_hoveranimator&quot;:&quot;no&quot;,&quot;_ob_widget_stalker_use&quot;:&quot;no&quot;}\" data-widget_type=\"heading.default\">\n\t\t\t\t<div class=\"elementor-widget-container\">\n\t\t\t\t\t<h2 class=\"elementor-heading-title elementor-size-default\">Pol\u00edtica de privacidad , T\u00e9rminos y condiciones<\/h2>\t\t\t\t<\/div>\n\t\t\t\t<\/div>\n\t\t\t\t<div class=\"elementor-element elementor-element-6a18d46 ob-harakiri-inherit ob-has-background-overlay elementor-widget elementor-widget-text-editor\" data-id=\"6a18d46\" data-element_type=\"widget\" data-e-type=\"widget\" data-settings=\"{&quot;_ob_use_harakiri&quot;:&quot;yes&quot;,&quot;_ob_harakiri_writing_mode&quot;:&quot;inherit&quot;,&quot;_ob_postman_use&quot;:&quot;no&quot;,&quot;_ob_perspektive_use&quot;:&quot;no&quot;,&quot;_ob_poopart_use&quot;:&quot;yes&quot;,&quot;_ob_shadough_use&quot;:&quot;no&quot;,&quot;_ob_allow_hoveranimator&quot;:&quot;no&quot;,&quot;_ob_widget_stalker_use&quot;:&quot;no&quot;}\" data-widget_type=\"text-editor.default\">\n\t\t\t\t<div class=\"elementor-widget-container\">\n\t\t\t\t\t\t\t\t\t<p>T\u00e9rminos de Uso y Pol\u00edtica de Privacidad del ChaChaCh\u00e1 Bar-Restaurante:<\/p><p><strong>T\u00e9rminos de Uso:<\/strong><br \/>Al utilizar nuestro formulario de pago, aceptas los siguientes t\u00e9rminos:<br \/>1. Los datos proporcionados en el formulario de facturaci\u00f3n ser\u00e1n utilizados \u00fanicamente para gestionar tu pago en el ChaChaCh\u00e1 Bar-Restaurante.<br \/>2. Nos comprometemos a no compartir tus datos con terceros sin tu consentimiento expreso.<br \/>3. El uso del formulario de pago implica que eres consciente de que tus datos ser\u00e1n almacenados en nuestra base de datos para fines de gesti\u00f3n y comunicaci\u00f3n.<\/p><p><strong>Pol\u00edtica de Privacidad:<\/strong><br \/>1. Tus datos personales proporcionados en el formulario de facturaci\u00f3n, como nombre, correo electr\u00f3nico y n\u00famero de tel\u00e9fono, ser\u00e1n almacenados de forma segura.<br \/>2. Utilizaremos tus datos para la gesti\u00f3n de tu compra, as\u00ed como para enviarte informaci\u00f3n relevante sobre promociones, eventos y novedades relacionadas con el ChaChaCh\u00e1 Bar-Restaurante.<br \/>3. No compartiremos tus datos con terceros para fines publicitarios sin tu consentimiento previo.<br \/>4. Si deseas modificar o eliminar tus datos de nuestra base de datos, puedes contactarnos a trav\u00e9s de los canales de comunicaci\u00f3n proporcionados en nuestra p\u00e1gina web.<\/p><p>Al aceptar estos t\u00e9rminos, confirmas que has le\u00eddo y comprendido nuestra Pol\u00edtica de Privacidad y est\u00e1s de acuerdo con el uso de tus datos personales seg\u00fan lo descrito anteriormente.<\/p>\t\t\t\t\t\t\t\t<\/div>\n\t\t\t\t<\/div>\n\t\t\t\t\t<\/div>\n\t\t<\/div>\n\t\t\t\t\t<\/div>\n\t\t<\/section>\n\t\t\t\t<\/div>","protected":false},"excerpt":{"rendered":"<p>Pol\u00edtica de privacidad , T\u00e9rminos y condiciones T\u00e9rminos de Uso y Pol\u00edtica de Privacidad del ChaChaCh\u00e1 Bar-Restaurante: T\u00e9rminos de Uso:Al [&hellip;]<\/p>","protected":false},"author":4,"featured_media":0,"parent":0,"menu_order":0,"comment_status":"closed","ping_status":"closed","template":"elementor_header_footer","meta":{"site-sidebar-layout":"default","site-content-layout":"","ast-site-content-layout":"default","site-content-style":"default","site-sidebar-style":"default","ast-global-header-display":"","ast-banner-title-visibility":"","ast-main-header-display":"","ast-hfb-above-header-display":"","ast-hfb-below-header-display":"","ast-hfb-mobile-header-display":"","site-post-title":"","ast-breadcrumbs-content":"","ast-featured-img":"","footer-sml-layout":"","theme-transparent-header-meta":"","adv-header-id-meta":"","stick-header-meta":"","header-above-stick-meta":"","header-main-stick-meta":"","header-below-stick-meta":"","astra-migrate-meta-layouts":"default","ast-page-background-enabled":"default","ast-page-background-meta":{"desktop":{"background-color":"var(--ast-global-color-4)","background-image":"","background-repeat":"repeat","background-position":"center center","background-size":"auto","background-attachment":"scroll","background-type":"","background-media":"","overlay-type":"","overlay-color":"","overlay-opacity":"","overlay-gradient":""},"tablet":{"background-color":"","background-image":"","background-repeat":"repeat","background-position":"center center","background-size":"auto","background-attachment":"scroll","background-type":"","background-media":"","overlay-type":"","overlay-color":"","overlay-opacity":"","overlay-gradient":""},"mobile":{"background-color":"","background-image":"","background-repeat":"repeat","background-position":"center center","background-size":"auto","background-attachment":"scroll","background-type":"","background-media":"","overlay-type":"","overlay-color":"","overlay-opacity":"","overlay-gradient":""}},"ast-content-background-meta":{"desktop":{"background-color":"var(--ast-global-color-5)","background-image":"","background-repeat":"repeat","background-position":"center center","background-size":"auto","background-attachment":"scroll","background-type":"","background-media":"","overlay-type":"","overlay-color":"","overlay-opacity":"","overlay-gradient":""},"tablet":{"background-color":"var(--ast-global-color-5)","background-image":"","background-repeat":"repeat","background-position":"center center","background-size":"auto","background-attachment":"scroll","background-type":"","background-media":"","overlay-type":"","overlay-color":"","overlay-opacity":"","overlay-gradient":""},"mobile":{"background-color":"var(--ast-global-color-5)","background-image":"","background-repeat":"repeat","background-position":"center center","background-size":"auto","background-attachment":"scroll","background-type":"","background-media":"","overlay-type":"","overlay-color":"","overlay-opacity":"","overlay-gradient":""}},"_joinchat":[],"footnotes":""},"class_list":["post-3888","page","type-page","status-publish","hentry"],"yoast_head":"<!-- This site is optimized with the Yoast SEO plugin v25.9 - https:\/\/yoast.com\/wordpress\/plugins\/seo\/ -->\n<title>Pol\u00edtica de privacidad | ChaChaCh\u00e1 Bar-Restaurante<\/title>\n<meta name=\"description\" content=\"Pol\u00edtica de privacidad , T\u00e9rminos y condiciones T\u00e9rminos de Uso y Pol\u00edtica de Privacidad del ChaChaCh\u00e1 Bar-Restaurante:T\u00e9rminos de Uso:Al utilizar nuestro\" \/>\n<meta name=\"robots\" content=\"index, follow, max-snippet:-1, max-image-preview:large, max-video-preview:-1\" \/>\n<link rel=\"canonical\" href=\"https:\/\/restaurantechachacha.com\/fr\/politica-de-privacidad\/\" \/>\n<meta property=\"og:locale\" content=\"fr_FR\" \/>\n<meta property=\"og:type\" content=\"article\" \/>\n<meta property=\"og:title\" content=\"Pol\u00edtica de privacidad | ChaChaCh\u00e1 Bar-Restaurante\" \/>\n<meta property=\"og:description\" content=\"Pol\u00edtica de privacidad , T\u00e9rminos y condiciones T\u00e9rminos de Uso y Pol\u00edtica de Privacidad del ChaChaCh\u00e1 Bar-Restaurante:T\u00e9rminos de Uso:Al utilizar nuestro\" \/>\n<meta property=\"og:url\" content=\"https:\/\/restaurantechachacha.com\/fr\/politica-de-privacidad\/\" \/>\n<meta property=\"og:site_name\" content=\"ChaChaCh\u00e1: El MEJOR Bar-Restaurante en La Habana Vieja\" \/>\n<meta property=\"article:modified_time\" content=\"2024-05-04T03:00:17+00:00\" \/>\n<meta property=\"og:image\" content=\"https:\/\/restaurantechachacha.com\/wp-content\/uploads\/2023\/03\/cropped-ChaChaCha-logo_Negro.png\" \/>\n\t<meta property=\"og:image:width\" content=\"512\" \/>\n\t<meta property=\"og:image:height\" content=\"512\" \/>\n\t<meta property=\"og:image:type\" content=\"image\/png\" \/>\n<meta name=\"twitter:card\" content=\"summary_large_image\" \/>\n<meta name=\"twitter:label1\" content=\"Dur\u00e9e de lecture estim\u00e9e\" \/>\n\t<meta name=\"twitter:data1\" content=\"1 minute\" \/>\n<script type=\"application\/ld+json\" class=\"yoast-schema-graph\">{\"@context\":\"https:\/\/schema.org\",\"@graph\":[{\"@type\":\"WebPage\",\"@id\":\"https:\/\/restaurantechachacha.com\/politica-de-privacidad\/\",\"url\":\"https:\/\/restaurantechachacha.com\/politica-de-privacidad\/\",\"name\":\"Pol\u00edtica de privacidad | ChaChaCh\u00e1 Bar-Restaurante\",\"isPartOf\":{\"@id\":\"https:\/\/restaurantechachacha.com\/#website\"},\"datePublished\":\"2024-01-30T03:17:02+00:00\",\"dateModified\":\"2024-05-04T03:00:17+00:00\",\"description\":\"Pol\u00edtica de privacidad , T\u00e9rminos y condiciones T\u00e9rminos de Uso y Pol\u00edtica de Privacidad del ChaChaCh\u00e1 Bar-Restaurante:T\u00e9rminos de Uso:Al utilizar nuestro\",\"breadcrumb\":{\"@id\":\"https:\/\/restaurantechachacha.com\/politica-de-privacidad\/#breadcrumb\"},\"inLanguage\":\"fr-FR\",\"potentialAction\":[{\"@type\":\"ReadAction\",\"target\":[\"https:\/\/restaurantechachacha.com\/politica-de-privacidad\/\"]}]},{\"@type\":\"BreadcrumbList\",\"@id\":\"https:\/\/restaurantechachacha.com\/politica-de-privacidad\/#breadcrumb\",\"itemListElement\":[{\"@type\":\"ListItem\",\"position\":1,\"name\":\"Portada\",\"item\":\"https:\/\/restaurantechachacha.com\/\"},{\"@type\":\"ListItem\",\"position\":2,\"name\":\"Pol\u00edtica de privacidad\"}]},{\"@type\":\"WebSite\",\"@id\":\"https:\/\/restaurantechachacha.com\/#website\",\"url\":\"https:\/\/restaurantechachacha.com\/\",\"name\":\"ChaChaCh\u00e1: El MEJOR Bar-Restaurante en La Habana Vieja\",\"description\":\"Descubre el ChaChaCh\u00e1 \u2b50 Mejor Bar-Restaurante en La Habana Vieja, Cuba. Un sitio acogedor y \u00fanico donde comer en La Habana\u3010Reserva Aqu\u00ed\u3011\",\"potentialAction\":[{\"@type\":\"SearchAction\",\"target\":{\"@type\":\"EntryPoint\",\"urlTemplate\":\"https:\/\/restaurantechachacha.com\/?s={search_term_string}\"},\"query-input\":{\"@type\":\"PropertyValueSpecification\",\"valueRequired\":true,\"valueName\":\"search_term_string\"}}],\"inLanguage\":\"fr-FR\"}]}<\/script>\n<!-- \/ Yoast SEO plugin. -->","yoast_head_json":{"title":"Pol\u00edtica de privacidad | ChaChaCh\u00e1 Bar-Restaurante","description":"Pol\u00edtica de privacidad , T\u00e9rminos y condiciones T\u00e9rminos de Uso y Pol\u00edtica de Privacidad del ChaChaCh\u00e1 Bar-Restaurante:T\u00e9rminos de Uso:Al utilizar nuestro","robots":{"index":"index","follow":"follow","max-snippet":"max-snippet:-1","max-image-preview":"max-image-preview:large","max-video-preview":"max-video-preview:-1"},"canonical":"https:\/\/restaurantechachacha.com\/fr\/politica-de-privacidad\/","og_locale":"fr_FR","og_type":"article","og_title":"Pol\u00edtica de privacidad | ChaChaCh\u00e1 Bar-Restaurante","og_description":"Pol\u00edtica de privacidad , T\u00e9rminos y condiciones T\u00e9rminos de Uso y Pol\u00edtica de Privacidad del ChaChaCh\u00e1 Bar-Restaurante:T\u00e9rminos de Uso:Al utilizar nuestro","og_url":"https:\/\/restaurantechachacha.com\/fr\/politica-de-privacidad\/","og_site_name":"ChaChaCh\u00e1: El MEJOR Bar-Restaurante en La Habana Vieja","article_modified_time":"2024-05-04T03:00:17+00:00","og_image":[{"width":512,"height":512,"url":"https:\/\/restaurantechachacha.com\/wp-content\/uploads\/2023\/03\/cropped-ChaChaCha-logo_Negro.png","type":"image\/png"}],"twitter_card":"summary_large_image","twitter_misc":{"Dur\u00e9e de lecture estim\u00e9e":"1 minute"},"schema":{"@context":"https:\/\/schema.org","@graph":[{"@type":"WebPage","@id":"https:\/\/restaurantechachacha.com\/politica-de-privacidad\/","url":"https:\/\/restaurantechachacha.com\/politica-de-privacidad\/","name":"Pol\u00edtica de privacidad | ChaChaCh\u00e1 Bar-Restaurante","isPartOf":{"@id":"https:\/\/restaurantechachacha.com\/#website"},"datePublished":"2024-01-30T03:17:02+00:00","dateModified":"2024-05-04T03:00:17+00:00","description":"Pol\u00edtica de privacidad , T\u00e9rminos y condiciones T\u00e9rminos de Uso y Pol\u00edtica de Privacidad del ChaChaCh\u00e1 Bar-Restaurante:T\u00e9rminos de Uso:Al utilizar nuestro","breadcrumb":{"@id":"https:\/\/restaurantechachacha.com\/politica-de-privacidad\/#breadcrumb"},"inLanguage":"fr-FR","potentialAction":[{"@type":"ReadAction","target":["https:\/\/restaurantechachacha.com\/politica-de-privacidad\/"]}]},{"@type":"BreadcrumbList","@id":"https:\/\/restaurantechachacha.com\/politica-de-privacidad\/#breadcrumb","itemListElement":[{"@type":"ListItem","position":1,"name":"Portada","item":"https:\/\/restaurantechachacha.com\/"},{"@type":"ListItem","position":2,"name":"Pol\u00edtica de privacidad"}]},{"@type":"WebSite","@id":"https:\/\/restaurantechachacha.com\/#website","url":"https:\/\/restaurantechachacha.com\/","name":"ChaChaCh\u00e1: El MEJOR Bar-Restaurante en La Habana Vieja","description":"Descubre el ChaChaCh\u00e1 \u2b50 Mejor Bar-Restaurante en La Habana Vieja, Cuba. Un sitio acogedor y \u00fanico donde comer en La Habana\u3010Reserva Aqu\u00ed\u3011","potentialAction":[{"@type":"SearchAction","target":{"@type":"EntryPoint","urlTemplate":"https:\/\/restaurantechachacha.com\/?s={search_term_string}"},"query-input":{"@type":"PropertyValueSpecification","valueRequired":true,"valueName":"search_term_string"}}],"inLanguage":"fr-FR"}]}},"_links":{"self":[{"href":"https:\/\/restaurantechachacha.com\/fr\/wp-json\/wp\/v2\/pages\/3888","targetHints":{"allow":["GET"]}}],"collection":[{"href":"https:\/\/restaurantechachacha.com\/fr\/wp-json\/wp\/v2\/pages"}],"about":[{"href":"https:\/\/restaurantechachacha.com\/fr\/wp-json\/wp\/v2\/types\/page"}],"author":[{"embeddable":true,"href":"https:\/\/restaurantechachacha.com\/fr\/wp-json\/wp\/v2\/users\/4"}],"replies":[{"embeddable":true,"href":"https:\/\/restaurantechachacha.com\/fr\/wp-json\/wp\/v2\/comments?post=3888"}],"version-history":[{"count":22,"href":"https:\/\/restaurantechachacha.com\/fr\/wp-json\/wp\/v2\/pages\/3888\/revisions"}],"predecessor-version":[{"id":6140,"href":"https:\/\/restaurantechachacha.com\/fr\/wp-json\/wp\/v2\/pages\/3888\/revisions\/6140"}],"wp:attachment":[{"href":"https:\/\/restaurantechachacha.com\/fr\/wp-json\/wp\/v2\/media?parent=3888"}],"curies":[{"name":"wp","href":"https:\/\/api.w.org\/{rel}","templated":true}]}}